{"id":1296,"date":"2022-08-12T10:43:38","date_gmt":"2022-08-12T10:43:38","guid":{"rendered":"https:\/\/tatatalavida.com\/?page_id=1296"},"modified":"2025-04-12T11:58:34","modified_gmt":"2025-04-12T11:58:34","slug":"cgv","status":"publish","type":"page","link":"https:\/\/tatatalavida.com\/en\/cgv\/","title":{"rendered":"terms and conditions"},"content":{"rendered":"<div data-elementor-type=\"wp-page\" data-elementor-id=\"1296\" class=\"elementor elementor-1296\" data-elementor-post-type=\"page\">\n\t\t\t\t\t\t<section class=\"elementor-section elementor-top-section elementor-element elementor-element-5a1ee0bc elementor-section-height-min-height elementor-section-stretched elementor-section-boxed elementor-section-height-default elementor-section-items-middle\" data-id=\"5a1ee0bc\" data-element_type=\"section\" data-e-type=\"section\" data-settings=\"{&quot;stretch_section&quot;:&quot;section-stretched&quot;}\">\n\t\t\t\t\t\t<div class=\"elementor-container elementor-column-gap-default\">\n\t\t\t\t\t<div class=\"elementor-column elementor-col-100 elementor-top-column elementor-element elementor-element-22db2817\" data-id=\"22db2817\" data-element_type=\"column\" data-e-type=\"column\">\n\t\t\t<div class=\"elementor-widget-wrap elementor-element-populated\">\n\t\t\t\t\t\t<div class=\"elementor-element elementor-element-c65df0f elementor-widget elementor-widget-spacer\" data-id=\"c65df0f\" data-element_type=\"widget\" data-e-type=\"widget\" data-widget_type=\"spacer.default\">\n\t\t\t\t<div class=\"elementor-widget-container\">\n\t\t\t\t\t\t\t<div class=\"elementor-spacer\">\n\t\t\t<div class=\"elementor-spacer-inner\"><\/div>\n\t\t<\/div>\n\t\t\t\t\t\t<\/div>\n\t\t\t\t<\/div>\n\t\t\t\t<div class=\"elementor-element elementor-element-e9ea5d2 elementor-align-center elementor-mobile-align-center elementor-widget-tablet__width-initial elementor-widget elementor-widget-button\" data-id=\"e9ea5d2\" data-element_type=\"widget\" data-e-type=\"widget\" data-settings=\"{&quot;_animation&quot;:&quot;none&quot;,&quot;_animation_delay&quot;:0}\" data-widget_type=\"button.default\">\n\t\t\t\t<div class=\"elementor-widget-container\">\n\t\t\t\t\t\t\t\t\t<div class=\"elementor-button-wrapper\">\n\t\t\t\t\t<a class=\"elementor-button elementor-button-link elementor-size-lg\" href=\"#\">\n\t\t\t\t\t\t<span class=\"elementor-button-content-wrapper\">\n\t\t\t\t\t\t\t\t\t<span class=\"elementor-button-text\">terms and conditions<\/span>\n\t\t\t\t\t<\/span>\n\t\t\t\t\t<\/a>\n\t\t\t\t<\/div>\n\t\t\t\t\t\t\t\t<\/div>\n\t\t\t\t<\/div>\n\t\t\t\t\t<\/div>\n\t\t<\/div>\n\t\t\t\t\t<\/div>\n\t\t<\/section>\n\t\t\t\t<section class=\"elementor-section elementor-top-section elementor-element elementor-element-3e6999e elementor-section-stretched elementor-section-boxed elementor-section-height-default elementor-section-height-default\" data-id=\"3e6999e\" data-element_type=\"section\" data-e-type=\"section\" data-settings=\"{&quot;stretch_section&quot;:&quot;section-stretched&quot;}\">\n\t\t\t\t\t\t<div class=\"elementor-container elementor-column-gap-default\">\n\t\t\t\t\t<div class=\"elementor-column elementor-col-100 elementor-top-column elementor-element elementor-element-6ecfdc2\" data-id=\"6ecfdc2\" data-element_type=\"column\" data-e-type=\"column\" data-settings=\"{&quot;background_background&quot;:&quot;classic&quot;}\">\n\t\t\t<div class=\"elementor-widget-wrap elementor-element-populated\">\n\t\t\t\t\t\t<div class=\"elementor-element elementor-element-3eaa7e0 elementor-widget elementor-widget-text-editor\" data-id=\"3eaa7e0\" data-element_type=\"widget\" data-e-type=\"widget\" data-widget_type=\"text-editor.default\">\n\t\t\t\t<div class=\"elementor-widget-container\">\n\t\t\t\t\t\t\t\t\t<p style=\"line-height: 100%; margin-bottom: 0cm;\">Conditions g\u00e9n\u00e9rales de vente<br \/><br \/>1. Garantie \u00a0<br \/>2. Protection des donn\u00e9es<br \/>3. Commandes<br \/>4. Livraisons<br \/>5. Responsabilit\u00e9s<br \/>6. Retours<br \/>7. Aspect l\u00e9gal g\u00e9n\u00e9ral<\/p><p style=\"line-height: 100%; margin-bottom: 0cm;\">8. Webhosting<br \/>9. Responsable pour le contenu<br \/>10. Droit applicable en for juridique<br \/><br \/><br \/>1. Garantie<br \/><br \/>En principe les tableaux expos\u00e9s dans de bonnes conditions c\u00e0d en int\u00e9rieur dans un lieu peu humide et non en contact directe avec les rayons uv du soleil, ne se d\u00e9t\u00e9riorent pas, ou alors tr\u00e8s peu sur des p\u00e9riodes de plusieurs si\u00e8cles. Aucune garantie n\u2019est fournie en cas de d\u00e9gradation naturelle du bien. <br \/><br \/>Les irr\u00e9gularit\u00e9s de surface, taches de peintures, diff\u00e9rences de teintes, coulures, bavures, pr\u00e9sence de colle, rayures, manque de peinture, r\u00e9sidus d\u2019adh\u00e9sifs, poils de pinceau, cheveux, poussi\u00e8res, ne constituent pas des d\u00e9fauts susceptible de justifier un remboursement. <br \/>Le vendeur, cr\u00e9ateur de l\u2019\u0153uvre certifie ne pas modifier les produits entre le moment de prise de vue pour la galerie et l\u2019exp\u00e9dition du bien \u00e0 l\u2019acheteur. Les couleurs des tableaux sont post-trait\u00e9es de la fa\u00e7on la plus fid\u00e8le possible sur un \u00e9cran r\u00e9guli\u00e8rement \u00e9talonn\u00e9, pour un rendu le plus fid\u00e8le possible l\u2019\u00e9cran de l\u2019acheteur se doit lui aussi d\u2019\u00eatre \u00e9talonn\u00e9. Aucun retour ne sera accept\u00e9 en cas de m\u00e9contentement pour non fid\u00e9lit\u00e9 des couleurs.<br \/><br \/><br \/><br \/><br \/><br \/>2. Protection des donn\u00e9es<br \/><br \/>Toute donn\u00e9e d\u2019identification client collect\u00e9e lors du processus d\u2019achat ne sera jamais divulgu\u00e9 \u00e0 un tiers ( en dehors de la poste et des services bancaires utilis\u00e9s pour le payement de la commande ) et utilis\u00e9e uniquement dans un but logistique afin d\u2019acheminer la commande au fournisseur de ces donn\u00e9es. Il est exclu que le propri\u00e9taire du site ou quiconque utilise ces donn\u00e9es dans le but par la suite de faire des envois (num\u00e9riques ou physiques ) de publicit\u00e9. <br \/><br \/>Seule le vendeur, qui g\u00e8re seul le processus de la cr\u00e9ation \u00e0 l\u2019exp\u00e9dition, \u00e0 acc\u00e8s aux donn\u00e9es\u00a0 client personnelles. <br \/><br \/><br \/>3. Commandes<br \/><br \/><br \/>L\u2019int\u00e9gralit\u00e9 du montant de la commande (prix de la marchandise + frais de port + TVA) doit parvenir au vendeur, cr\u00e9ateur de l\u2019\u0153uvre. Lors du r\u00e8glement de l\u2019achat l\u2019acheteur doit s\u2019assurer de transmettre l\u2019int\u00e9gralit\u00e9 de la somme et de prendre \u00e0 sa charge d\u2019\u00e9ventuels frais bancaires, sans quoi sa commande sera retenu jusqu\u2019\u00e0 r\u00e9ception de l\u2019int\u00e9gralit\u00e9 du montant.<br \/><br \/><br \/><br \/><br \/><br \/>4. Livraisons<br \/><br \/><br \/>En cas de casse lors du transport les r\u00e9clamations doivent se faire aupr\u00e8s du transporteur. <br \/>Si une mauvaise manipulation devait endommager l\u2019\u0153uvre avant l\u2018exp\u00e9dition le vendeur, cr\u00e9ateur de l\u2019\u0153uvre s\u2019engage \u00e0 en informer l\u2019acheteur au plus vite\u00a0 afin que les deux parties puissent d\u00e9cider ensembles d\u2019une solution (rabais, remboursement, remplacement de l\u2019\u0153uvre)<br \/><br \/>Toutes les exp\u00e9ditions se font par l\u2019interm\u00e9diaire de la poste Suisse, les frais ainsi que d\u00e9lais de livraison sont indiqu\u00e9s par eux, ainsi le vendeur, cr\u00e9ateur de l\u2019\u0153uvre d\u00e9cline toute responsabilit\u00e9 en cas de non respect de ces derniers et prie l\u2019acheteur de prendre contacte avec la poste suisse pour de plus amples informations, ou pour de possibles r\u00e9clamations. <br \/><br \/>Le d\u00e9lai de livraison estim\u00e9, bas\u00e9 sur les tableaux de la poste Suisse\u00a0 sera communiqu\u00e9 au client par mail lors de la confirmation de commande. <br \/><br \/><br \/><br \/>5. Responsabilit\u00e9s<br \/><br \/>L\u2019installation du tableau est enti\u00e8rement \u00e0 la charge de l\u2019acheteur. Il est de sa responsabilit\u00e9 de s\u2019assurer que le syst\u00e8me de fixation mis en place est suffisant pour le bon maintien de l\u2019\u0153uvre. <br \/><br \/><br \/>La traduction du site en langue anglaise n\u2019est qu\u2019une aide pour les internautes non francophones. Toute erreur de traduction qui pourrait engendrer un quiproquos n\u2019est pas de la responsabilit\u00e9 du vendeur.<br \/><br \/>Le vendeur cr\u00e9ateur de l\u2019\u0153uvre certifie que chaque tableau porte un num\u00e9ro unique et que ce dernier ne sera jamais r\u00e9attribu\u00e9 \u00e0 une autre \u0153uvre. <br \/>Les droits de propri\u00e9t\u00e9 intellectuelle, droit de reproduction ne sont en aucun cas c\u00e9d\u00e9s lors de la vente du bien. Il est donc strictement prohib\u00e9s de se servir de reproductions pour un usage politique, lucratif, de propagande religieuse ou id\u00e9ologique (sauf autorisation sp\u00e9cifique du vendeur, cr\u00e9ateur de l\u2019\u0153uvre)<br \/><br \/><br \/><br \/><br \/><br \/>6. Retours<br \/><br \/><br \/>Avant tout retour afin d\u2019\u00e9viter \u00e0 l\u2019acheteur des frais inutile, il devrait prendre contact avec le vendeur, cr\u00e9ateur de l\u2019\u0153uvre.<br \/><br \/>Le tableau peut-\u00eatre retourn\u00e9 dans les 7\u00a0 jours ouvr\u00e9s suivant la date de livraison aux frais de l\u2019acheteur. Le remboursement ne s\u2019effectuera qu\u2019en cas d\u2019\u00e9tat identique \u00e0 celui qu\u2019il \u00e9tait au moment de l\u2019exp\u00e9dition. En cas de dommage caus\u00e9s lors du transport le vendeur, cr\u00e9ateur de l\u2019\u0153uvre d\u00e9cline toutes responsabilit\u00e9s et prie \u00e0 l\u2019acheteur de s\u2019adresser au transporteur.<br \/><br \/><br \/>7. Aspect l\u00e9gal g\u00e9n\u00e9ral<br \/>\u00a0<br \/>Toute image, texte provenant de ce site est la propri\u00e9t\u00e9 exclusive du cr\u00e9ateur de l\u2019\u0153uvre. Ils ne peuvent en aucun cas \u00eatre utilis\u00e9s \u00e0 des fins commerciales,\u00a0 publicitaires, ou de promotions d\u2019id\u00e9ologies religieuses, politiques, etc.<br \/><br \/><br \/><br \/>8. Politique des cookies<br \/><br \/>Les cookies servent pour l\u2019analyse de l\u2019audience du site, pour son am\u00e9lioration et pour permettre le partage et le renvoi sur les r\u00e9seaux sociaux. Ces informations sont\u00a0 susceptibles d\u2019\u00eatre partag\u00e9es avec les m\u00e9dias sociaux.<br \/><br \/><br \/>9. Webhosting<br \/><br \/>Infomaniak, Rue Eug\u00e8ne-Marziano 25, 1227 Gen\u00e8ve<br \/><br \/><br \/>10. Responsable pour le contenu<br \/><br \/>Camil Gay-Crosier<br \/>Rue du Vieux-Village 50<br \/>1967 Bramois<br \/>CH \u2013 Suisse <br \/><br \/>tatata.la.vida@gmail.com<br \/><br \/><br \/>10. Droit applicable en for juridique<br \/><br \/>En cas de litige le for juridique se trouve \u00e0 Sion (Suisse). <br \/><br \/><br \/>Version 1.1<\/p><p>\u00a0<\/p>\t\t\t\t\t\t\t\t<\/div>\n\t\t\t\t<\/div>\n\t\t\t\t\t<\/div>\n\t\t<\/div>\n\t\t\t\t\t<\/div>\n\t\t<\/section>\n\t\t\t\t<\/div>","protected":false},"excerpt":{"rendered":"<p>CGV Conditions g\u00e9n\u00e9rales de vente 1. Garantie \u00a02. Protection des donn\u00e9es3. Commandes4. Livraisons5. Responsabilit\u00e9s6. Retours7. Aspect l\u00e9gal g\u00e9n\u00e9ral 8. Webhosting9. Responsable pour le contenu10. Droit applicable en for juridique 1. Garantie En principe les tableaux expos\u00e9s dans de bonnes conditions c\u00e0d en int\u00e9rieur dans un lieu peu humide et non en contact directe avec les [&hellip;]<\/p>\n","protected":false},"author":2,"featured_media":0,"parent":0,"menu_order":0,"comment_status":"closed","ping_status":"closed","template":"","meta":{"ocean_post_layout":"","ocean_both_sidebars_style":"","ocean_both_sidebars_content_width":0,"ocean_both_sidebars_sidebars_width":0,"ocean_sidebar":"0","ocean_second_sidebar":"0","ocean_disable_margins":"on","ocean_add_body_class":"","ocean_shortcode_before_top_bar":"","ocean_shortcode_after_top_bar":"","ocean_shortcode_before_header":"","ocean_shortcode_after_header":"","ocean_has_shortcode":"","ocean_shortcode_after_title":"","ocean_shortcode_before_footer_widgets":"","ocean_shortcode_after_footer_widgets":"","ocean_shortcode_before_footer_bottom":"","ocean_shortcode_after_footer_bottom":"","ocean_display_top_bar":"default","ocean_display_header":"default","ocean_header_style":"","ocean_center_header_left_menu":"0","ocean_custom_header_template":"0","ocean_custom_logo":0,"ocean_custom_retina_logo":0,"ocean_custom_logo_max_width":0,"ocean_custom_logo_tablet_max_width":0,"ocean_custom_logo_mobile_max_width":0,"ocean_custom_logo_max_height":0,"ocean_custom_logo_tablet_max_height":0,"ocean_custom_logo_mobile_max_height":0,"ocean_header_custom_menu":"0","ocean_menu_typo_font_family":"0","ocean_menu_typo_font_subset":"","ocean_menu_typo_font_size":0,"ocean_menu_typo_font_size_tablet":0,"ocean_menu_typo_font_size_mobile":0,"ocean_menu_typo_font_size_unit":"px","ocean_menu_typo_font_weight":"","ocean_menu_typo_font_weight_tablet":"","ocean_menu_typo_font_weight_mobile":"","ocean_menu_typo_transform":"","ocean_menu_typo_transform_tablet":"","ocean_menu_typo_transform_mobile":"","ocean_menu_typo_line_height":0,"ocean_menu_typo_line_height_tablet":0,"ocean_menu_typo_line_height_mobile":0,"ocean_menu_typo_line_height_unit":"","ocean_menu_typo_spacing":0,"ocean_menu_typo_spacing_tablet":0,"ocean_menu_typo_spacing_mobile":0,"ocean_menu_typo_spacing_unit":"","ocean_menu_link_color":"","ocean_menu_link_color_hover":"","ocean_menu_link_color_active":"","ocean_menu_link_background":"","ocean_menu_link_hover_background":"","ocean_menu_link_active_background":"","ocean_menu_social_links_bg":"","ocean_menu_social_hover_links_bg":"","ocean_menu_social_links_color":"","ocean_menu_social_hover_links_color":"","ocean_disable_title":"default","ocean_disable_heading":"default","ocean_post_title":"","ocean_post_subheading":"","ocean_post_title_style":"","ocean_post_title_background_color":"","ocean_post_title_background":0,"ocean_post_title_bg_image_position":"","ocean_post_title_bg_image_attachment":"","ocean_post_title_bg_image_repeat":"","ocean_post_title_bg_image_size":"","ocean_post_title_height":0,"ocean_post_title_bg_overlay":0.5,"ocean_post_title_bg_overlay_color":"","ocean_disable_breadcrumbs":"default","ocean_breadcrumbs_color":"","ocean_breadcrumbs_separator_color":"","ocean_breadcrumbs_links_color":"","ocean_breadcrumbs_links_hover_color":"","ocean_display_footer_widgets":"default","ocean_display_footer_bottom":"default","ocean_custom_footer_template":"0","osh_disable_topbar_sticky":"default","osh_disable_header_sticky":"default","osh_sticky_header_style":"default","osh_sticky_header_effect":"","osh_custom_sticky_logo":0,"osh_custom_retina_sticky_logo":0,"osh_custom_sticky_logo_height":0,"osh_background_color":"","osh_links_color":"","osh_links_hover_color":"","osh_links_active_color":"","osh_links_bg_color":"","osh_links_hover_bg_color":"","osh_links_active_bg_color":"","osh_menu_social_links_color":"","osh_menu_social_hover_links_color":"","footnotes":""},"class_list":["post-1296","page","type-page","status-publish","hentry","entry","owp-thumbs-layout-horizontal","owp-btn-normal","owp-tabs-layout-horizontal","has-no-thumbnails","has-product-nav"],"_links":{"self":[{"href":"https:\/\/tatatalavida.com\/en\/wp-json\/wp\/v2\/pages\/1296","targetHints":{"allow":["GET"]}}],"collection":[{"href":"https:\/\/tatatalavida.com\/en\/wp-json\/wp\/v2\/pages"}],"about":[{"href":"https:\/\/tatatalavida.com\/en\/wp-json\/wp\/v2\/types\/page"}],"author":[{"embeddable":true,"href":"https:\/\/tatatalavida.com\/en\/wp-json\/wp\/v2\/users\/2"}],"replies":[{"embeddable":true,"href":"https:\/\/tatatalavida.com\/en\/wp-json\/wp\/v2\/comments?post=1296"}],"version-history":[{"count":20,"href":"https:\/\/tatatalavida.com\/en\/wp-json\/wp\/v2\/pages\/1296\/revisions"}],"predecessor-version":[{"id":2227,"href":"https:\/\/tatatalavida.com\/en\/wp-json\/wp\/v2\/pages\/1296\/revisions\/2227"}],"wp:attachment":[{"href":"https:\/\/tatatalavida.com\/en\/wp-json\/wp\/v2\/media?parent=1296"}],"curies":[{"name":"wp","href":"https:\/\/api.w.org\/{rel}","templated":true}]}}